{"id":7,"date":"2022-01-28T16:58:27","date_gmt":"2022-01-28T15:58:27","guid":{"rendered":"http:\/\/ferbos-jeanfrancois.legtux.org\/?page_id=7"},"modified":"2023-07-31T01:12:47","modified_gmt":"2023-07-30T23:12:47","slug":"a-propos-de","status":"publish","type":"page","link":"https:\/\/ferbos-jeanfrancois.legtux.org\/?page_id=7","title":{"rendered":"\u00c0 propos de"},"content":{"rendered":"\n<p class=\"wp-block-paragraph\">Le site <em><strong>Cr\u00e9ation et psychanalyse<\/strong><\/em> est un site d\u00e9di\u00e9  \u00e0 l&rsquo;art et au processus cr\u00e9atif mais \u00e9galement \u00e0 la psychanalyse sous toutes ses formes : S\u00e9minaires de Lacan, textes de Freud, documents audios, activit\u00e9s organis\u00e9es par des psychanalystes, s\u00e9minaires, annonces d&rsquo;ouvrages. <\/p>\n\n\n\n<p class=\"wp-block-paragraph\">Il existe, entre cr\u00e9ation et psychanalyse, un espace commun, un lieu \u00ab\u00a0inframince\u00a0\u00bb dont la t\u00e9nuit\u00e9 met en jeu un mouvement de transformation. Avec l&rsquo;une comme avec l&rsquo;autre, c&rsquo;est l&rsquo;\u00e9nigme de l&rsquo;inconscient qui interpelle. <\/p>\n\n\n<div class=\"wp-block-image is-style-rounded\">\n<figure class=\"aligncenter size-large is-resized\"><img data-recalc-dims=\"1\" loading=\"lazy\" decoding=\"async\" data-attachment-id=\"2527\" data-permalink=\"https:\/\/ferbos-jeanfrancois.legtux.org\/?attachment_id=2527\" data-orig-file=\"https:\/\/i0.wp.com\/ferbos-jeanfrancois.legtux.org\/wp-content\/uploads\/2023\/07\/ACCOMPAGNEMENT-ET-MOUVEMENT.jpg?fit=1743%2C1618&amp;ssl=1\" data-orig-size=\"1743,1618\" data-comments-opened=\"1\" data-image-meta=\"{&quot;aperture&quot;:&quot;0&quot;,&quot;credit&quot;:&quot;&quot;,&quot;camera&quot;:&quot;&quot;,&quot;caption&quot;:&quot;&quot;,&quot;created_timestamp&quot;:&quot;0&quot;,&quot;copyright&quot;:&quot;&quot;,&quot;focal_length&quot;:&quot;0&quot;,&quot;iso&quot;:&quot;0&quot;,&quot;shutter_speed&quot;:&quot;0&quot;,&quot;title&quot;:&quot;&quot;,&quot;orientation&quot;:&quot;1&quot;}\" data-image-title=\"ACCOMPAGNEMENT-ET-MOUVEMENT\" data-image-description=\"\" data-image-caption=\"\" data-large-file=\"https:\/\/i0.wp.com\/ferbos-jeanfrancois.legtux.org\/wp-content\/uploads\/2023\/07\/ACCOMPAGNEMENT-ET-MOUVEMENT.jpg?fit=640%2C594&amp;ssl=1\" src=\"https:\/\/i0.wp.com\/ferbos-jeanfrancois.legtux.org\/wp-content\/uploads\/2023\/07\/ACCOMPAGNEMENT-ET-MOUVEMENT.jpg?resize=405%2C376&#038;ssl=1\" alt=\"\" class=\"wp-image-2527\" style=\"width:405px;height:376px\" width=\"405\" height=\"376\" srcset=\"https:\/\/i0.wp.com\/ferbos-jeanfrancois.legtux.org\/wp-content\/uploads\/2023\/07\/ACCOMPAGNEMENT-ET-MOUVEMENT.jpg?resize=1024%2C951&amp;ssl=1 1024w, https:\/\/i0.wp.com\/ferbos-jeanfrancois.legtux.org\/wp-content\/uploads\/2023\/07\/ACCOMPAGNEMENT-ET-MOUVEMENT.jpg?resize=300%2C278&amp;ssl=1 300w, https:\/\/i0.wp.com\/ferbos-jeanfrancois.legtux.org\/wp-content\/uploads\/2023\/07\/ACCOMPAGNEMENT-ET-MOUVEMENT.jpg?resize=768%2C713&amp;ssl=1 768w, https:\/\/i0.wp.com\/ferbos-jeanfrancois.legtux.org\/wp-content\/uploads\/2023\/07\/ACCOMPAGNEMENT-ET-MOUVEMENT.jpg?resize=1536%2C1426&amp;ssl=1 1536w, https:\/\/i0.wp.com\/ferbos-jeanfrancois.legtux.org\/wp-content\/uploads\/2023\/07\/ACCOMPAGNEMENT-ET-MOUVEMENT.jpg?w=1743&amp;ssl=1 1743w, https:\/\/i0.wp.com\/ferbos-jeanfrancois.legtux.org\/wp-content\/uploads\/2023\/07\/ACCOMPAGNEMENT-ET-MOUVEMENT.jpg?w=1280&amp;ssl=1 1280w\" sizes=\"auto, (max-width: 405px) 100vw, 405px\" \/><\/figure>\n<\/div>","protected":false},"excerpt":{"rendered":"<p>Le site Cr\u00e9ation et psychanalyse est un site d\u00e9di\u00e9 \u00e0 l&rsquo;art et au processus cr\u00e9atif mais \u00e9galement \u00e0 la psychanalyse sous toutes<\/p>\n<p class=\"link-more\"><a class=\"myButt \" href=\"https:\/\/ferbos-jeanfrancois.legtux.org\/?page_id=7\">Read More<\/a><\/p>\n","protected":false},"author":1,"featured_media":0,"parent":0,"menu_order":0,"comment_status":"closed","ping_status":"closed","template":"","meta":{"_crdt_document":"","jetpack_post_was_ever_published":false,"footnotes":""},"class_list":["post-7","page","type-page","status-publish","hentry"],"jetpack-related-posts":[{"id":33,"url":"https:\/\/ferbos-jeanfrancois.legtux.org\/?page_id=33","url_meta":{"origin":7,"position":0},"title":"Psychanalyse","author":"Cravan","date":"28 janvier 2022","format":false,"excerpt":"","rel":"","context":"Article similaire","block_context":{"text":"Article similaire","link":""},"img":{"alt_text":"","src":"","width":0,"height":0},"classes":[]},{"id":8,"url":"https:\/\/ferbos-jeanfrancois.legtux.org\/?page_id=8","url_meta":{"origin":7,"position":1},"title":"Contact &#038; Galeries","author":"Cravan","date":"28 janvier 2022","format":false,"excerpt":"Jean-Fran\u00e7ois Ferbos +336 65 17 00 84 jf.ferbos@wanadoo.fr 33700 M\u00e9rignac Galeries & autres sites ARTMAJEUR ARTQUID ARTELAGUNA \u00c9cole lacanienne de psychanalyse","rel":"","context":"Article similaire","block_context":{"text":"Article similaire","link":""},"img":{"alt_text":"","src":"https:\/\/i0.wp.com\/ferbos-jeanfrancois.legtux.org\/wp-content\/uploads\/2023\/07\/PORTRAIT-SITE-scaled.jpg?resize=350%2C200&ssl=1","width":350,"height":200,"srcset":"https:\/\/i0.wp.com\/ferbos-jeanfrancois.legtux.org\/wp-content\/uploads\/2023\/07\/PORTRAIT-SITE-scaled.jpg?resize=350%2C200&ssl=1 1x, https:\/\/i0.wp.com\/ferbos-jeanfrancois.legtux.org\/wp-content\/uploads\/2023\/07\/PORTRAIT-SITE-scaled.jpg?resize=525%2C300&ssl=1 1.5x, https:\/\/i0.wp.com\/ferbos-jeanfrancois.legtux.org\/wp-content\/uploads\/2023\/07\/PORTRAIT-SITE-scaled.jpg?resize=700%2C400&ssl=1 2x, https:\/\/i0.wp.com\/ferbos-jeanfrancois.legtux.org\/wp-content\/uploads\/2023\/07\/PORTRAIT-SITE-scaled.jpg?resize=1050%2C600&ssl=1 3x, https:\/\/i0.wp.com\/ferbos-jeanfrancois.legtux.org\/wp-content\/uploads\/2023\/07\/PORTRAIT-SITE-scaled.jpg?resize=1400%2C800&ssl=1 4x"},"classes":[]},{"id":6,"url":"https:\/\/ferbos-jeanfrancois.legtux.org\/?page_id=6","url_meta":{"origin":7,"position":2},"title":"Cr\u00e9ations","author":"Cravan","date":"28 janvier 2022","format":false,"excerpt":"","rel":"","context":"Article similaire","block_context":{"text":"Article similaire","link":""},"img":{"alt_text":"","src":"https:\/\/i0.wp.com\/ferbos-jeanfrancois.legtux.org\/wp-content\/uploads\/2022\/01\/2020-landscape-1.png?fit=1200%2C769&ssl=1&resize=350%2C200","width":350,"height":200,"srcset":"https:\/\/i0.wp.com\/ferbos-jeanfrancois.legtux.org\/wp-content\/uploads\/2022\/01\/2020-landscape-1.png?fit=1200%2C769&ssl=1&resize=350%2C200 1x, https:\/\/i0.wp.com\/ferbos-jeanfrancois.legtux.org\/wp-content\/uploads\/2022\/01\/2020-landscape-1.png?fit=1200%2C769&ssl=1&resize=525%2C300 1.5x, https:\/\/i0.wp.com\/ferbos-jeanfrancois.legtux.org\/wp-content\/uploads\/2022\/01\/2020-landscape-1.png?fit=1200%2C769&ssl=1&resize=700%2C400 2x, https:\/\/i0.wp.com\/ferbos-jeanfrancois.legtux.org\/wp-content\/uploads\/2022\/01\/2020-landscape-1.png?fit=1200%2C769&ssl=1&resize=1050%2C600 3x"},"classes":[]}],"jetpack_likes_enabled":true,"jetpack_sharing_enabled":true,"_links":{"self":[{"href":"https:\/\/ferbos-jeanfrancois.legtux.org\/index.php?rest_route=\/wp\/v2\/pages\/7","targetHints":{"allow":["GET"]}}],"collection":[{"href":"https:\/\/ferbos-jeanfrancois.legtux.org\/index.php?rest_route=\/wp\/v2\/pages"}],"about":[{"href":"https:\/\/ferbos-jeanfrancois.legtux.org\/index.php?rest_route=\/wp\/v2\/types\/page"}],"author":[{"embeddable":true,"href":"https:\/\/ferbos-jeanfrancois.legtux.org\/index.php?rest_route=\/wp\/v2\/users\/1"}],"replies":[{"embeddable":true,"href":"https:\/\/ferbos-jeanfrancois.legtux.org\/index.php?rest_route=%2Fwp%2Fv2%2Fcomments&post=7"}],"version-history":[{"count":8,"href":"https:\/\/ferbos-jeanfrancois.legtux.org\/index.php?rest_route=\/wp\/v2\/pages\/7\/revisions"}],"predecessor-version":[{"id":2568,"href":"https:\/\/ferbos-jeanfrancois.legtux.org\/index.php?rest_route=\/wp\/v2\/pages\/7\/revisions\/2568"}],"wp:attachment":[{"href":"https:\/\/ferbos-jeanfrancois.legtux.org\/index.php?rest_route=%2Fwp%2Fv2%2Fmedia&parent=7"}],"curies":[{"name":"wp","href":"https:\/\/api.w.org\/{rel}","templated":true}]}}