{"id":8,"date":"2022-01-28T16:58:28","date_gmt":"2022-01-28T15:58:28","guid":{"rendered":"http:\/\/ferbos-jeanfrancois.legtux.org\/?page_id=8"},"modified":"2023-10-22T20:28:10","modified_gmt":"2023-10-22T18:28:10","slug":"contact","status":"publish","type":"page","link":"https:\/\/ferbos-jeanfrancois.legtux.org\/?page_id=8","title":{"rendered":"Contact &#038; Galeries"},"content":{"rendered":"<div class=\"wp-block-image is-style-rounded\">\n<figure class=\"alignleft size-large is-resized\"><img data-recalc-dims=\"1\" loading=\"lazy\" decoding=\"async\" width=\"640\" height=\"654\" data-attachment-id=\"2566\" data-permalink=\"https:\/\/ferbos-jeanfrancois.legtux.org\/?attachment_id=2566\" data-orig-file=\"https:\/\/i0.wp.com\/ferbos-jeanfrancois.legtux.org\/wp-content\/uploads\/2023\/07\/PORTRAIT-SITE-scaled.jpg?fit=2504%2C2560&amp;ssl=1\" data-orig-size=\"2504,2560\" data-comments-opened=\"1\" data-image-meta=\"{&quot;aperture&quot;:&quot;0&quot;,&quot;credit&quot;:&quot;&quot;,&quot;camera&quot;:&quot;&quot;,&quot;caption&quot;:&quot;&quot;,&quot;created_timestamp&quot;:&quot;0&quot;,&quot;copyright&quot;:&quot;&quot;,&quot;focal_length&quot;:&quot;0&quot;,&quot;iso&quot;:&quot;0&quot;,&quot;shutter_speed&quot;:&quot;0&quot;,&quot;title&quot;:&quot;&quot;,&quot;orientation&quot;:&quot;1&quot;}\" data-image-title=\"PORTRAIT-SITE\" data-image-description=\"\" data-image-caption=\"\" data-large-file=\"https:\/\/i0.wp.com\/ferbos-jeanfrancois.legtux.org\/wp-content\/uploads\/2023\/07\/PORTRAIT-SITE-scaled.jpg?fit=640%2C654&amp;ssl=1\" src=\"https:\/\/i0.wp.com\/ferbos-jeanfrancois.legtux.org\/wp-content\/uploads\/2023\/07\/PORTRAIT-SITE.jpg?resize=640%2C654&#038;ssl=1\" alt=\"\" class=\"wp-image-2566\" style=\"width:173px;height:162px\" srcset=\"https:\/\/i0.wp.com\/ferbos-jeanfrancois.legtux.org\/wp-content\/uploads\/2023\/07\/PORTRAIT-SITE-scaled.jpg?resize=1002%2C1024&amp;ssl=1 1002w, https:\/\/i0.wp.com\/ferbos-jeanfrancois.legtux.org\/wp-content\/uploads\/2023\/07\/PORTRAIT-SITE-scaled.jpg?resize=293%2C300&amp;ssl=1 293w, https:\/\/i0.wp.com\/ferbos-jeanfrancois.legtux.org\/wp-content\/uploads\/2023\/07\/PORTRAIT-SITE-scaled.jpg?resize=768%2C785&amp;ssl=1 768w, https:\/\/i0.wp.com\/ferbos-jeanfrancois.legtux.org\/wp-content\/uploads\/2023\/07\/PORTRAIT-SITE-scaled.jpg?resize=1502%2C1536&amp;ssl=1 1502w, https:\/\/i0.wp.com\/ferbos-jeanfrancois.legtux.org\/wp-content\/uploads\/2023\/07\/PORTRAIT-SITE-scaled.jpg?resize=2003%2C2048&amp;ssl=1 2003w, https:\/\/i0.wp.com\/ferbos-jeanfrancois.legtux.org\/wp-content\/uploads\/2023\/07\/PORTRAIT-SITE-scaled.jpg?w=1280&amp;ssl=1 1280w, https:\/\/i0.wp.com\/ferbos-jeanfrancois.legtux.org\/wp-content\/uploads\/2023\/07\/PORTRAIT-SITE-scaled.jpg?w=1920&amp;ssl=1 1920w\" sizes=\"auto, (max-width: 640px) 100vw, 640px\" \/><\/figure>\n<\/div>\n\n\n<p class=\"wp-block-paragraph\">Jean-Fran\u00e7ois Ferbos<\/p>\n\n\n\n<p class=\"wp-block-paragraph\">+336 65 17 00 84<\/p>\n\n\n\n<p class=\"wp-block-paragraph\">jf.ferbos@wanadoo.fr<\/p>\n\n\n\n<p class=\"wp-block-paragraph\">33700 M\u00e9rignac<\/p>\n\n\n\n<div style=\"height:100px\" aria-hidden=\"true\" class=\"wp-block-spacer\"><\/div>\n\n\n\n<h3 class=\"wp-block-heading\">Galeries &amp; autres sites<\/h3>\n\n\n\n<div class=\"wp-block-buttons is-vertical is-content-justification-center is-layout-flex wp-container-core-buttons-is-layout-524f8de7 wp-block-buttons-is-layout-flex\">\n<div class=\"wp-block-button is-style-outline is-style-outline--1\"><a class=\"wp-block-button__link has-black-color has-text-color has-background wp-element-button\" href=\"https:\/\/www.artmajeur.com\/jean-francois-ferbos\" style=\"background:linear-gradient(135deg,rgb(255,255,255) 0%,rgb(41,93,131) 100%)\" target=\"_blank\" rel=\"noreferrer noopener\">ARTMAJEUR<\/a><\/div>\n\n\n\n<div class=\"wp-block-button is-style-outline is-style-outline--2\"><a class=\"wp-block-button__link has-black-color has-text-color has-background wp-element-button\" href=\"https:\/\/www.artquid.com\/seller\/101608\/ferbos-jean-francois.html\" style=\"background:linear-gradient(135deg,rgb(249,250,251) 0%,rgb(53,84,122) 100%)\" target=\"_blank\" rel=\"noreferrer noopener\">ARTQUID<\/a><\/div>\n\n\n\n<div class=\"wp-block-button is-style-outline is-style-outline--3\"><a class=\"wp-block-button__link has-black-color has-text-color has-background wp-element-button\" href=\"https:\/\/artelaguna.world\/artist\/ferbos-jean-francois\/\" style=\"background:linear-gradient(135deg,rgb(252,252,252) 0%,rgb(51,91,120) 100%)\" target=\"_blank\" rel=\"noreferrer noopener\">ARTELAGUNA<\/a><\/div>\n\n\n\n<div class=\"wp-block-button is-style-outline is-style-outline--4\"><a class=\"wp-block-button__link has-black-color has-text-color has-background wp-element-button\" href=\"https:\/\/ecole-lacanienne.net\/\" style=\"background:linear-gradient(135deg,rgb(251,251,251) 0%,rgb(58,106,140) 100%)\" target=\"_blank\" rel=\"noreferrer noopener\">\u00c9cole lacanienne de psychanalyse<\/a><\/div>\n<\/div>\n","protected":false},"excerpt":{"rendered":"<p>Jean-Fran\u00e7ois Ferbos +336 65 17 00 84 jf.ferbos@wanadoo.fr 33700 M\u00e9rignac Galeries &amp; autres sites<\/p>\n","protected":false},"author":1,"featured_media":0,"parent":0,"menu_order":0,"comment_status":"closed","ping_status":"closed","template":"","meta":{"_crdt_document":"","jetpack_post_was_ever_published":false,"footnotes":""},"class_list":["post-8","page","type-page","status-publish","hentry"],"jetpack-related-posts":[{"id":420,"url":"https:\/\/ferbos-jeanfrancois.legtux.org\/?page_id=420","url_meta":{"origin":8,"position":0},"title":"Jean-Fran\u00e7ois Ferbos","author":"Cravan","date":"1 f\u00e9vrier 2022","format":false,"excerpt":"","rel":"","context":"Article similaire","block_context":{"text":"Article similaire","link":""},"img":{"alt_text":"","src":"","width":0,"height":0},"classes":[]},{"id":7,"url":"https:\/\/ferbos-jeanfrancois.legtux.org\/?page_id=7","url_meta":{"origin":8,"position":1},"title":"\u00c0 propos de","author":"Cravan","date":"28 janvier 2022","format":false,"excerpt":"Le site Cr\u00e9ation et psychanalyse est un site d\u00e9di\u00e9 \u00e0 l'art et au processus cr\u00e9atif mais \u00e9galement \u00e0 la psychanalyse sous toutes ses formes : S\u00e9minaires de Lacan, textes de Freud, documents audios, activit\u00e9s organis\u00e9es par des psychanalystes, s\u00e9minaires, annonces d'ouvrages. Il existe, entre cr\u00e9ation et psychanalyse, un espace commun,\u2026","rel":"","context":"Article similaire","block_context":{"text":"Article similaire","link":""},"img":{"alt_text":"","src":"https:\/\/i0.wp.com\/ferbos-jeanfrancois.legtux.org\/wp-content\/uploads\/2023\/07\/ACCOMPAGNEMENT-ET-MOUVEMENT.jpg?resize=350%2C200&ssl=1","width":350,"height":200,"srcset":"https:\/\/i0.wp.com\/ferbos-jeanfrancois.legtux.org\/wp-content\/uploads\/2023\/07\/ACCOMPAGNEMENT-ET-MOUVEMENT.jpg?resize=350%2C200&ssl=1 1x, https:\/\/i0.wp.com\/ferbos-jeanfrancois.legtux.org\/wp-content\/uploads\/2023\/07\/ACCOMPAGNEMENT-ET-MOUVEMENT.jpg?resize=525%2C300&ssl=1 1.5x, https:\/\/i0.wp.com\/ferbos-jeanfrancois.legtux.org\/wp-content\/uploads\/2023\/07\/ACCOMPAGNEMENT-ET-MOUVEMENT.jpg?resize=700%2C400&ssl=1 2x, https:\/\/i0.wp.com\/ferbos-jeanfrancois.legtux.org\/wp-content\/uploads\/2023\/07\/ACCOMPAGNEMENT-ET-MOUVEMENT.jpg?resize=1050%2C600&ssl=1 3x, https:\/\/i0.wp.com\/ferbos-jeanfrancois.legtux.org\/wp-content\/uploads\/2023\/07\/ACCOMPAGNEMENT-ET-MOUVEMENT.jpg?resize=1400%2C800&ssl=1 4x"},"classes":[]},{"id":33,"url":"https:\/\/ferbos-jeanfrancois.legtux.org\/?page_id=33","url_meta":{"origin":8,"position":2},"title":"Psychanalyse","author":"Cravan","date":"28 janvier 2022","format":false,"excerpt":"","rel":"","context":"Article similaire","block_context":{"text":"Article similaire","link":""},"img":{"alt_text":"","src":"","width":0,"height":0},"classes":[]},{"id":175,"url":"https:\/\/ferbos-jeanfrancois.legtux.org\/?page_id=175","url_meta":{"origin":8,"position":3},"title":"Philosophie","author":"Cravan","date":"31 janvier 2022","format":false,"excerpt":"","rel":"","context":"Article similaire","block_context":{"text":"Article similaire","link":""},"img":{"alt_text":"","src":"","width":0,"height":0},"classes":[]},{"id":6,"url":"https:\/\/ferbos-jeanfrancois.legtux.org\/?page_id=6","url_meta":{"origin":8,"position":4},"title":"Cr\u00e9ations","author":"Cravan","date":"28 janvier 2022","format":false,"excerpt":"","rel":"","context":"Article similaire","block_context":{"text":"Article similaire","link":""},"img":{"alt_text":"","src":"https:\/\/i0.wp.com\/ferbos-jeanfrancois.legtux.org\/wp-content\/uploads\/2022\/01\/2020-landscape-1.png?fit=1200%2C769&ssl=1&resize=350%2C200","width":350,"height":200,"srcset":"https:\/\/i0.wp.com\/ferbos-jeanfrancois.legtux.org\/wp-content\/uploads\/2022\/01\/2020-landscape-1.png?fit=1200%2C769&ssl=1&resize=350%2C200 1x, https:\/\/i0.wp.com\/ferbos-jeanfrancois.legtux.org\/wp-content\/uploads\/2022\/01\/2020-landscape-1.png?fit=1200%2C769&ssl=1&resize=525%2C300 1.5x, https:\/\/i0.wp.com\/ferbos-jeanfrancois.legtux.org\/wp-content\/uploads\/2022\/01\/2020-landscape-1.png?fit=1200%2C769&ssl=1&resize=700%2C400 2x, https:\/\/i0.wp.com\/ferbos-jeanfrancois.legtux.org\/wp-content\/uploads\/2022\/01\/2020-landscape-1.png?fit=1200%2C769&ssl=1&resize=1050%2C600 3x"},"classes":[]}],"jetpack_likes_enabled":true,"jetpack_sharing_enabled":true,"_links":{"self":[{"href":"https:\/\/ferbos-jeanfrancois.legtux.org\/index.php?rest_route=\/wp\/v2\/pages\/8","targetHints":{"allow":["GET"]}}],"collection":[{"href":"https:\/\/ferbos-jeanfrancois.legtux.org\/index.php?rest_route=\/wp\/v2\/pages"}],"about":[{"href":"https:\/\/ferbos-jeanfrancois.legtux.org\/index.php?rest_route=\/wp\/v2\/types\/page"}],"author":[{"embeddable":true,"href":"https:\/\/ferbos-jeanfrancois.legtux.org\/index.php?rest_route=\/wp\/v2\/users\/1"}],"replies":[{"embeddable":true,"href":"https:\/\/ferbos-jeanfrancois.legtux.org\/index.php?rest_route=%2Fwp%2Fv2%2Fcomments&post=8"}],"version-history":[{"count":26,"href":"https:\/\/ferbos-jeanfrancois.legtux.org\/index.php?rest_route=\/wp\/v2\/pages\/8\/revisions"}],"predecessor-version":[{"id":2614,"href":"https:\/\/ferbos-jeanfrancois.legtux.org\/index.php?rest_route=\/wp\/v2\/pages\/8\/revisions\/2614"}],"wp:attachment":[{"href":"https:\/\/ferbos-jeanfrancois.legtux.org\/index.php?rest_route=%2Fwp%2Fv2%2Fmedia&parent=8"}],"curies":[{"name":"wp","href":"https:\/\/api.w.org\/{rel}","templated":true}]}}